{"id":41,"date":"2021-10-25T21:34:36","date_gmt":"2021-10-25T18:34:36","guid":{"rendered":"http:\/\/ilmoittautuminen.kukkokuppila.fi\/?page_id=41"},"modified":"2021-10-31T19:25:43","modified_gmt":"2021-10-31T17:25:43","slug":"juu","status":"publish","type":"page","link":"http:\/\/ilmoittautuminen.kukkokuppila.fi\/","title":{"rendered":"Kukkokuppila"},"content":{"rendered":"\n<p class=\"has-text-align-center\">L\u00e4hdemme 4.12.2021 matkalle oppaan johdolla, kohti Beetlehemi\u00e4. N\u00e4emme paimenet, enkelit, Marian ja Joosefin sek\u00e4 paljon el\u00e4imi\u00e4. Koemme yhdess\u00e4 Joulun tunnelmaa musiikin, tanssin ja Jouluisten makujen kera. Tervetuloa Kukkokuppilan pihapiiriin.<\/p>\n\n\n\n<p class=\"has-text-align-center\">Valitse alta itsellesi sopiva aika. Yhteen esitykseen mahtuu maksimissaan 25 henkil\u00f6\u00e4. Ensimm\u00e4inen n\u00e4yt\u00f6s klo12-13, my\u00f6s riskiryhm\u00e4l\u00e4isille, vahvalla maskisuosituksella (maskeja saatavilla). Tulettehan vain tervein\u00e4, noudatamme turvav\u00e4lej\u00e4 ja s\u00e4\u00e4d\u00f6ksi\u00e4.<\/p>\n\n\n\n<div class=\"wp-block-buttons is-content-justification-center is-vertical\">\n<div class=\"wp-block-button is-style-outline\"><a class=\"wp-block-button__link\" href=\"http:\/\/ilmoittautuminen.kukkokuppila.fi\/?event=esitys-12-13\" style=\"border-radius:25px\">12-13<\/a><\/div>\n\n\n\n<div class=\"wp-block-button is-style-outline\"><a class=\"wp-block-button__link\" href=\"http:\/\/ilmoittautuminen.kukkokuppila.fi\/?event=esitys-klo-13-14\" style=\"border-radius:25px\">13-14<\/a><\/div>\n\n\n\n<div class=\"wp-block-button is-style-outline\"><a class=\"wp-block-button__link\" href=\"http:\/\/ilmoittautuminen.kukkokuppila.fi\/?event=esitys-klo-14-15\" style=\"border-radius:25px\">14-15<\/a><\/div>\n\n\n\n<div class=\"wp-block-button is-style-outline\"><a class=\"wp-block-button__link\" href=\"http:\/\/ilmoittautuminen.kukkokuppila.fi\/?event=esitys-klo-15-16\" style=\"border-radius:25px\">15-16<\/a><\/div>\n\n\n\n<div class=\"wp-block-button is-style-outline\"><a class=\"wp-block-button__link\" href=\"http:\/\/ilmoittautuminen.kukkokuppila.fi\/?event=esitys-klo-16-17\" style=\"border-radius:25px\">16-17<\/a><\/div>\n\n\n\n<div class=\"wp-block-button is-style-outline\"><a class=\"wp-block-button__link\" href=\"http:\/\/ilmoittautuminen.kukkokuppila.fi\/?event=esitys-klo-17-18\" style=\"border-radius:25px\">17-18<\/a><\/div>\n<\/div>\n","protected":false},"excerpt":{"rendered":"<p>L\u00e4hdemme 4.12.2021 matkalle oppaan johdolla, kohti Beetlehemi\u00e4. N\u00e4emme paimenet, enkelit, Marian ja Joosefin sek\u00e4 paljon el\u00e4imi\u00e4. Koemme yhdess\u00e4 Joulun tunnelmaa musiikin, tanssin ja Jouluisten makujen kera. Tervetuloa Kukkokuppilan pihapiiriin. Valitse alta itsellesi sopiva aika. Yhteen esitykseen mahtuu maksimissaan 25 henkil\u00f6\u00e4. Ensimm\u00e4inen n\u00e4yt\u00f6s klo12-13, my\u00f6s riskiryhm\u00e4l\u00e4isille, vahvalla maskisuosituksella (maskeja saatavilla). Tulettehan vain tervein\u00e4, noudatamme turvav\u00e4lej\u00e4 ja&hellip; <a class=\"more-link\" href=\"http:\/\/ilmoittautuminen.kukkokuppila.fi\/\">Jatka lukemista <span class=\"screen-reader-text\">Kukkokuppila<\/span><\/a><\/p>\n","protected":false},"author":1,"featured_media":0,"parent":0,"menu_order":0,"comment_status":"closed","ping_status":"closed","template":"","meta":[],"_links":{"self":[{"href":"http:\/\/ilmoittautuminen.kukkokuppila.fi\/index.php?rest_route=\/wp\/v2\/pages\/41"}],"collection":[{"href":"http:\/\/ilmoittautuminen.kukkokuppila.fi\/index.php?rest_route=\/wp\/v2\/pages"}],"about":[{"href":"http:\/\/ilmoittautuminen.kukkokuppila.fi\/index.php?rest_route=\/wp\/v2\/types\/page"}],"author":[{"embeddable":true,"href":"http:\/\/ilmoittautuminen.kukkokuppila.fi\/index.php?rest_route=\/wp\/v2\/users\/1"}],"replies":[{"embeddable":true,"href":"http:\/\/ilmoittautuminen.kukkokuppila.fi\/index.php?rest_route=%2Fwp%2Fv2%2Fcomments&post=41"}],"version-history":[{"count":11,"href":"http:\/\/ilmoittautuminen.kukkokuppila.fi\/index.php?rest_route=\/wp\/v2\/pages\/41\/revisions"}],"predecessor-version":[{"id":66,"href":"http:\/\/ilmoittautuminen.kukkokuppila.fi\/index.php?rest_route=\/wp\/v2\/pages\/41\/revisions\/66"}],"wp:attachment":[{"href":"http:\/\/ilmoittautuminen.kukkokuppila.fi\/index.php?rest_route=%2Fwp%2Fv2%2Fmedia&parent=41"}],"curies":[{"name":"wp","href":"https:\/\/api.w.org\/{rel}","templated":true}]}}